{"id":596,"date":"2024-11-11T15:04:57","date_gmt":"2024-11-11T15:04:57","guid":{"rendered":"https:\/\/taxi-airport-ljubljana.si\/pogosto-zastavljena-vprasanja\/"},"modified":"2024-11-11T22:02:38","modified_gmt":"2024-11-11T22:02:38","slug":"pogosto-zastavljena-vprasanja","status":"publish","type":"page","link":"https:\/\/taxi-airport-ljubljana.si\/sl\/pogosto-zastavljena-vprasanja\/","title":{"rendered":"Pogosto zastavljena vpra\u0161anja"},"content":{"rendered":"<p>[et_pb_section fb_built=&#8221;1&#8243; _builder_version=&#8221;4.27.0&#8243; _module_preset=&#8221;default&#8221; background_color=&#8221;#eacf7e&#8221; da_disable_devices=&#8221;off|off|off&#8221; global_colors_info=&#8221;{}&#8221; da_is_popup=&#8221;off&#8221; da_exit_intent=&#8221;off&#8221; da_has_close=&#8221;on&#8221; da_alt_close=&#8221;off&#8221; da_dark_close=&#8221;off&#8221; da_not_modal=&#8221;on&#8221; da_is_singular=&#8221;off&#8221; da_with_loader=&#8221;off&#8221; da_has_shadow=&#8221;on&#8221;][et_pb_row _builder_version=&#8221;4.27.0&#8243; _module_preset=&#8221;default&#8221; global_colors_info=&#8221;{}&#8221;][et_pb_column type=&#8221;4_4&#8243; _builder_version=&#8221;4.27.0&#8243; _module_preset=&#8221;default&#8221; global_colors_info=&#8221;{}&#8221;][et_pb_text _builder_version=&#8221;4.27.0&#8243; _module_preset=&#8221;default&#8221; text_font=&#8221;|700|||||||&#8221; text_text_color=&#8221;#000000&#8243; hover_enabled=&#8221;0&#8243; global_colors_info=&#8221;{}&#8221; sticky_enabled=&#8221;0&#8243;]<\/p>\n<p>POGOSTO ZASTAVLJENA VPRA\u0160ANJA<\/p>\n<p>&nbsp;<\/p>\n<p>&nbsp;<\/p>\n<p style=\"text-align: left;\"><span data-olk-copy-source=\"MessageBody\" style=\"color: #0000ff;\">1. Kje je lokacija prevzema (pickup) na letali\u0161\u010du?<\/span><\/p>\n<p style=\"text-align: left;\"><span><\/span><\/p>\n<p style=\"text-align: left;\"><span>Lokacija prevzema je neposredno ob izhodu letali\u0161\u010da, poleg stavbe. Voznik bo z vami v stiku prek telefona; na letali\u0161\u010du imate neomejen dostop do interneta, zato lahko voznika obvestite, ko prevzamete prtljago, in mu po\u0161ljete sporo\u010dilo prek aplikacije WhatsApp ali Viber. Voznik vas bo pobral takoj, ko stopite iz stavbe letali\u0161\u010da.<\/span><\/p>\n<p style=\"text-align: left;\"><span><\/span><\/p>\n<p style=\"text-align: left;\"><span style=\"color: #0000ff;\">2. Kak\u0161na je cena prevoza do letali\u0161\u010da?<\/span><\/p>\n<p style=\"text-align: left;\"><span><\/span><\/p>\n<p style=\"text-align: left;\"><span>Cena je fiksna, vendar je odvisna od izbrane vrste vozila. Cene lahko preverite na na\u0161i spletni strani ali nas kontaktirate za individualno ponudbo.<\/span><\/p>\n<p style=\"text-align: left;\"><span><\/span><\/p>\n<p style=\"text-align: left;\"><span style=\"color: #0000ff;\">3. Ali moram rezervirati prevoz vnaprej?<\/span><\/p>\n<p style=\"text-align: left;\"><span><\/span><\/p>\n<p style=\"text-align: left;\"><span>Priporo\u010damo, da rezervacijo opravite vnaprej, da zagotovimo razpolo\u017eljivost vozila in voznika ob \u017eelenem \u010dasu.<\/span><\/p>\n<p style=\"text-align: left;\"><span><\/span><\/p>\n<p style=\"text-align: left;\"><span style=\"color: #0000ff;\">4. Kako lahko rezerviram prevoz?<\/span><\/p>\n<p style=\"text-align: left;\"><span><\/span><\/p>\n<p style=\"text-align: left;\"><span>Rezervacijo lahko opravite preko na\u0161e spletne strani, po telefonu ali preko e-po\u0161te. Ob rezervaciji je potrebno vnesti va\u0161o telefonsko \u0161tevilko z mednarodno klicno \u0161tevilko dr\u017eave, podatke o letu, \u0161tevilo potnikov in lokacijo prevzema.<\/span><\/p>\n<p style=\"text-align: left;\"><span><\/span><\/p>\n<p style=\"text-align: left;\"><span style=\"color: #0000ff;\">5. Kak\u0161na vozila so na voljo za prevoze?<\/span><\/p>\n<p style=\"text-align: left;\"><span><\/span><\/p>\n<p style=\"text-align: left;\"><span>Na\u0161a flota vozil vklju\u010duje osebne avtomobile,razli\u010dnih razredov.<\/span><\/p>\n<p style=\"text-align: left;\"><span><\/span><\/p>\n<p style=\"text-align: left;\"><span style=\"color: #0000ff;\">6. Ali so v ceno vklju\u010deni stro\u0161ki parkiranja in cestnin?<\/span><\/p>\n<p style=\"text-align: left;\"><span><\/span><\/p>\n<p style=\"text-align: left;\"><span>Da, cena prevoza vklju\u010duje vse dodatne stro\u0161ke, kot so parkirnine in cestnine.<\/span><\/p>\n<p style=\"text-align: left;\"><span><\/span><\/p>\n<p style=\"text-align: left;\"><span style=\"color: #0000ff;\">7. Kako prepoznam voznika na letali\u0161\u010du?<\/span><\/p>\n<p style=\"text-align: left;\"><span><\/span><\/p>\n<p style=\"text-align: left;\"><span><\/span><\/p>\n<p style=\"text-align: left;\"><span>Voznik vas bo kontaktiral in vam poslal vse informacije o videzu vozila in registrski \u0161tevilki vozila. Pri\u010dakal vas bo pred stavbo letali\u0161\u010da, po \u017eelji pa lahko dr\u017ei tudi napis z va\u0161im imenom.<\/span><\/p>\n<p style=\"text-align: left;\"><span><\/span><\/p>\n<p style=\"text-align: left;\"><span style=\"color: #0000ff;\">8. Kaj se zgodi, \u010de je moj let zamujen?<\/span><\/p>\n<p style=\"text-align: left;\"><span><\/span><\/p>\n<p style=\"text-align: left;\"><span>Spremljamo prihode letal, zato bomo vedeli za morebitne zamude in temu prilagodili \u010das va\u0161ega prevzema.<\/span><\/p>\n<p style=\"text-align: left;\"><span><\/span><\/p>\n<p style=\"text-align: left;\"><span style=\"color: #0000ff;\">9. Ali so vozniki profesionalno usposobljeni?<\/span><\/p>\n<p style=\"text-align: left;\"><span><\/span><\/p>\n<p style=\"text-align: left;\"><span>Da, na\u0161i vozniki so usposobljeni, imajo ustrezne licence in dolgoletne izku\u0161nje v prevozni\u0161tvu.<\/span><\/p>\n<p style=\"text-align: left;\"><span><\/span><\/p>\n<p style=\"text-align: left;\"><span style=\"color: #0000ff;\">10. Kako lahko pla\u010dam za prevoz?<\/span><\/p>\n<p style=\"text-align: left;\"><span style=\"color: #0000ff;\"><\/span><\/p>\n<p style=\"text-align: left;\"><span>Sprejemamo razli\u010dne na\u010dine pla\u010dila, vklju\u010dno z gotovino, kreditnimi karticami in vnaprej\u0161njim pla\u010dilom prek spleta.<\/span><\/p>\n<p style=\"text-align: left;\"><span><\/span><\/p>\n<p style=\"text-align: left;\"><span style=\"color: #0000ff;\">11. Kaj vklju\u010duje cena prevoza?<\/span><\/p>\n<p style=\"text-align: left;\"><span><\/span><\/p>\n<p style=\"text-align: left;\"><span>Cena vklju\u010duje prevoz, vse potrebne stro\u0161ke (cestnine, parkirnine) in pomo\u010d pri prtljagi.<\/span><\/p>\n<p style=\"text-align: left;\"><span><\/span><\/p>\n<p style=\"text-align: left;\"><span style=\"color: #0000ff;\">12. Ali nudite 24-urno storitev?<\/span><\/p>\n<p style=\"text-align: left;\"><span><\/span><\/p>\n<p style=\"text-align: left;\"><span>Da, ponujamo prevoze 24 ur na dan, vse dni v tednu. Priporo\u010damo predhodno rezervacijo za prevoze v zgodnjih jutranjih urah.<\/span><\/p>\n<p style=\"text-align: left;\"><span><\/span><\/p>\n<p style=\"text-align: left;\"><span style=\"color: #0000ff;\">13. Ali nudite prevoze do ve\u010d letali\u0161\u010d?<\/span><\/p>\n<p style=\"text-align: left;\"><span><\/span><\/p>\n<p style=\"text-align: left;\"><span>Da, prevoze nudimo do razli\u010dnih letali\u0161\u010d, odvisno od va\u0161e lokacije in potreb.<\/span><\/p>\n<p style=\"text-align: left;\"><span><\/span><\/p>\n<p style=\"text-align: left;\"><span style=\"color: #ff0000;\">Imate kak\u0161no dodatno vpra\u0161anje kontaktirajte nas.<\/span><\/p>\n<p>[\/et_pb_text][\/et_pb_column][\/et_pb_row][\/et_pb_section]<\/p>\n","protected":false},"excerpt":{"rendered":"<p>POGOSTO ZASTAVLJENA VPRA\u0160ANJA &nbsp; &nbsp; 1. Kje je lokacija prevzema (pickup) na letali\u0161\u010du? Lokacija prevzema je neposredno ob izhodu letali\u0161\u010da, poleg stavbe. Voznik bo z vami v stiku prek telefona; na letali\u0161\u010du imate neomejen dostop do interneta, zato lahko voznika obvestite, ko prevzamete prtljago, in mu po\u0161ljete sporo\u010dilo prek aplikacije WhatsApp ali Viber. Voznik vas [&hellip;]<\/p>\n","protected":false},"author":2,"featured_media":0,"parent":0,"menu_order":0,"comment_status":"closed","ping_status":"closed","template":"","meta":{"_seopress_robots_primary_cat":"","_seopress_titles_title":"","_seopress_titles_desc":"","_seopress_robots_index":"","_et_pb_use_builder":"on","_et_pb_old_content":"","_et_gb_content_width":"","footnotes":""},"class_list":["post-596","page","type-page","status-publish","hentry"],"_links":{"self":[{"href":"https:\/\/taxi-airport-ljubljana.si\/sl\/wp-json\/wp\/v2\/pages\/596","targetHints":{"allow":["GET"]}}],"collection":[{"href":"https:\/\/taxi-airport-ljubljana.si\/sl\/wp-json\/wp\/v2\/pages"}],"about":[{"href":"https:\/\/taxi-airport-ljubljana.si\/sl\/wp-json\/wp\/v2\/types\/page"}],"author":[{"embeddable":true,"href":"https:\/\/taxi-airport-ljubljana.si\/sl\/wp-json\/wp\/v2\/users\/2"}],"replies":[{"embeddable":true,"href":"https:\/\/taxi-airport-ljubljana.si\/sl\/wp-json\/wp\/v2\/comments?post=596"}],"version-history":[{"count":5,"href":"https:\/\/taxi-airport-ljubljana.si\/sl\/wp-json\/wp\/v2\/pages\/596\/revisions"}],"predecessor-version":[{"id":628,"href":"https:\/\/taxi-airport-ljubljana.si\/sl\/wp-json\/wp\/v2\/pages\/596\/revisions\/628"}],"wp:attachment":[{"href":"https:\/\/taxi-airport-ljubljana.si\/sl\/wp-json\/wp\/v2\/media?parent=596"}],"curies":[{"name":"wp","href":"https:\/\/api.w.org\/{rel}","templated":true}]}}