{"id":344,"date":"2024-10-09T12:42:32","date_gmt":"2024-10-09T12:42:32","guid":{"rendered":"https:\/\/taxi-airport-ljubljana.si\/o-nas\/"},"modified":"2025-05-12T09:49:48","modified_gmt":"2025-05-12T09:49:48","slug":"o-nas","status":"publish","type":"page","link":"https:\/\/taxi-airport-ljubljana.si\/sl\/o-nas\/","title":{"rendered":"O nas"},"content":{"rendered":"<p>[et_pb_section fb_built=&#8221;1&#8243; custom_padding_last_edited=&#8221;off|desktop&#8221; admin_label=&#8221;Header&#8221; _builder_version=&#8221;4.27.0&#8243; background_image=&#8221;https:\/\/taxi-airport-ljubljana.si\/wp-content\/uploads\/2024\/10\/about-us-title.webp&#8221; max_width_tablet=&#8221;&#8221; max_width_phone=&#8221;&#8221; max_width_last_edited=&#8221;on|desktop&#8221; module_alignment=&#8221;center&#8221; custom_margin_tablet=&#8221;&#8221; custom_margin_phone=&#8221;||&#8221; custom_margin_last_edited=&#8221;on|desktop&#8221; custom_padding=&#8221;5%||5%||false|false&#8221; custom_css_after=&#8221;\/* color overlay *\/||content: &#8221;;||position: absolute;||bottom: 0;||left: 0;||width: 100%;||height: 100%;||background: rgba(0,0,0,0.4);||z-index: 0;&#8221; da_disable_devices=&#8221;off|off|off&#8221; locked=&#8221;off&#8221; collapsed=&#8221;on&#8221; global_colors_info=&#8221;{}&#8221; da_is_popup=&#8221;off&#8221; da_exit_intent=&#8221;off&#8221; da_has_close=&#8221;on&#8221; da_alt_close=&#8221;off&#8221; da_dark_close=&#8221;off&#8221; da_not_modal=&#8221;on&#8221; da_is_singular=&#8221;off&#8221; da_with_loader=&#8221;off&#8221; da_has_shadow=&#8221;on&#8221;][et_pb_row _builder_version=&#8221;4.16&#8243; custom_padding=&#8221;|||||false&#8221; custom_width_px__hover=&#8221;1080px&#8221; custom_width_px__hover_enabled=&#8221;1080px&#8221; custom_width_percent__hover=&#8221;80%&#8221; custom_width_percent__hover_enabled=&#8221;80%&#8221; global_colors_info=&#8221;{}&#8221; parallax_1__hover=&#8221;off&#8221; parallax_1__hover_enabled=&#8221;off&#8221; parallax_2__hover=&#8221;off&#8221; parallax_2__hover_enabled=&#8221;off&#8221; parallax_3__hover=&#8221;off&#8221; parallax_3__hover_enabled=&#8221;off&#8221; parallax_4__hover=&#8221;off&#8221; parallax_4__hover_enabled=&#8221;off&#8221; parallax_5__hover=&#8221;off&#8221; parallax_5__hover_enabled=&#8221;off&#8221; parallax_6__hover=&#8221;off&#8221; parallax_6__hover_enabled=&#8221;off&#8221; parallax_method_1__hover=&#8221;on&#8221; parallax_method_1__hover_enabled=&#8221;on&#8221; parallax_method_2__hover=&#8221;on&#8221; parallax_method_2__hover_enabled=&#8221;on&#8221; parallax_method_3__hover=&#8221;on&#8221; parallax_method_3__hover_enabled=&#8221;on&#8221; parallax_method_4__hover=&#8221;on&#8221; parallax_method_4__hover_enabled=&#8221;on&#8221; parallax_method_5__hover=&#8221;on&#8221; parallax_method_5__hover_enabled=&#8221;on&#8221; parallax_method_6__hover=&#8221;on&#8221; parallax_method_6__hover_enabled=&#8221;on&#8221; use_background_color_gradient__hover=&#8221;off&#8221; use_background_color_gradient__hover_enabled=&#8221;off&#8221; background_color_gradient_start__hover=&#8221;#2b87da&#8221; background_color_gradient_start__hover_enabled=&#8221;#2b87da&#8221; background_color_gradient_end__hover=&#8221;#29c4a9&#8243; background_color_gradient_end__hover_enabled=&#8221;#29c4a9&#8243; background_color_gradient_type__hover=&#8221;linear&#8221; background_color_gradient_type__hover_enabled=&#8221;linear&#8221; background_color_gradient_direction__hover=&#8221;180deg&#8221; background_color_gradient_direction__hover_enabled=&#8221;180deg&#8221; background_color_gradient_direction_radial__hover=&#8221;center&#8221; background_color_gradient_direction_radial__hover_enabled=&#8221;center&#8221; background_color_gradient_start_position__hover=&#8221;0%&#8221; background_color_gradient_start_position__hover_enabled=&#8221;0%&#8221; background_color_gradient_end_position__hover=&#8221;100%&#8221; background_color_gradient_end_position__hover_enabled=&#8221;100%&#8221; background_color_gradient_overlays_image__hover=&#8221;off&#8221; background_color_gradient_overlays_image__hover_enabled=&#8221;off&#8221; parallax__hover=&#8221;off&#8221; parallax__hover_enabled=&#8221;off&#8221; parallax_method__hover=&#8221;on&#8221; parallax_method__hover_enabled=&#8221;on&#8221; background_size__hover=&#8221;cover&#8221; background_size__hover_enabled=&#8221;cover&#8221; background_position__hover=&#8221;center&#8221; background_position__hover_enabled=&#8221;center&#8221; background_repeat__hover=&#8221;no-repeat&#8221; background_repeat__hover_enabled=&#8221;no-repeat&#8221; background_blend__hover=&#8221;normal&#8221; background_blend__hover_enabled=&#8221;normal&#8221; allow_player_pause__hover=&#8221;off&#8221; allow_player_pause__hover_enabled=&#8221;off&#8221; background_video_pause_outside_viewport__hover=&#8221;on&#8221; background_video_pause_outside_viewport__hover_enabled=&#8221;on&#8221; make_fullwidth__hover=&#8221;off&#8221; make_fullwidth__hover_enabled=&#8221;off&#8221; use_custom_width__hover=&#8221;off&#8221; use_custom_width__hover_enabled=&#8221;off&#8221; width_unit__hover=&#8221;on&#8221; width_unit__hover_enabled=&#8221;on&#8221; use_custom_gutter__hover=&#8221;off&#8221; use_custom_gutter__hover_enabled=&#8221;off&#8221; gutter_width__hover=&#8221;3&#8243; gutter_width__hover_enabled=&#8221;3&#8243; make_equal__hover=&#8221;off&#8221; make_equal__hover_enabled=&#8221;off&#8221; border_radii__hover=&#8221;on||||&#8221; border_radii__hover_enabled=&#8221;on||||&#8221; box_shadow_style__hover=&#8221;none&#8221; box_shadow_style__hover_enabled=&#8221;none&#8221; box_shadow_color__hover=&#8221;rgba(0,0,0,0.3)&#8221; box_shadow_color__hover_enabled=&#8221;rgba(0,0,0,0.3)&#8221; filter_hue_rotate__hover=&#8221;0deg&#8221; filter_hue_rotate__hover_enabled=&#8221;0deg&#8221; filter_saturate__hover=&#8221;100%&#8221; filter_saturate__hover_enabled=&#8221;100%&#8221; filter_brightness__hover=&#8221;100%&#8221; filter_brightness__hover_enabled=&#8221;100%&#8221; filter_contrast__hover=&#8221;100%&#8221; filter_contrast__hover_enabled=&#8221;100%&#8221; filter_invert__hover=&#8221;0%&#8221; filter_invert__hover_enabled=&#8221;0%&#8221; filter_sepia__hover=&#8221;0%&#8221; filter_sepia__hover_enabled=&#8221;0%&#8221; filter_opacity__hover=&#8221;100%&#8221; filter_opacity__hover_enabled=&#8221;100%&#8221; filter_blur__hover=&#8221;0px&#8221; filter_blur__hover_enabled=&#8221;0px&#8221; mix_blend_mode__hover=&#8221;normal&#8221; mix_blend_mode__hover_enabled=&#8221;normal&#8221; animation_style__hover=&#8221;none&#8221; animation_style__hover_enabled=&#8221;none&#8221; animation_repeat__hover=&#8221;once&#8221; animation_repeat__hover_enabled=&#8221;once&#8221; animation_direction__hover=&#8221;center&#8221; animation_direction__hover_enabled=&#8221;center&#8221; animation_duration__hover=&#8221;1000ms&#8221; animation_duration__hover_enabled=&#8221;1000ms&#8221; animation_delay__hover=&#8221;0ms&#8221; animation_delay__hover_enabled=&#8221;0ms&#8221; animation_intensity_slide__hover=&#8221;50%&#8221; animation_intensity_slide__hover_enabled=&#8221;50%&#8221; animation_intensity_zoom__hover=&#8221;50%&#8221; animation_intensity_zoom__hover_enabled=&#8221;50%&#8221; animation_intensity_flip__hover=&#8221;50%&#8221; animation_intensity_flip__hover_enabled=&#8221;50%&#8221; animation_intensity_fold__hover=&#8221;50%&#8221; animation_intensity_fold__hover_enabled=&#8221;50%&#8221; animation_intensity_roll__hover=&#8221;50%&#8221; animation_intensity_roll__hover_enabled=&#8221;50%&#8221; animation_starting_opacity__hover=&#8221;0%&#8221; animation_starting_opacity__hover_enabled=&#8221;0%&#8221; animation_speed_curve__hover=&#8221;ease-in-out&#8221; animation_speed_curve__hover_enabled=&#8221;ease-in-out&#8221; hover_transition_duration__hover=&#8221;300ms&#8221; hover_transition_duration__hover_enabled=&#8221;300ms&#8221; hover_transition_delay__hover=&#8221;0ms&#8221; hover_transition_delay__hover_enabled=&#8221;0ms&#8221; hover_transition_speed_curve__hover=&#8221;ease&#8221; hover_transition_speed_curve__hover_enabled=&#8221;ease&#8221; background_color_gradient_stops__hover=&#8221;#2b87da 0%|#29c4a9 100%&#8221;][et_pb_column type=&#8221;4_4&#8243; _builder_version=&#8221;4.16&#8243; custom_padding=&#8221;|||&#8221; global_colors_info=&#8221;{}&#8221; custom_padding__hover=&#8221;|||&#8221;][et_pb_text _builder_version=&#8221;4.27.0&#8243; text_font=&#8221;||||||||&#8221; link_font=&#8221;||||||||&#8221; ul_font=&#8221;||||||||&#8221; ol_font=&#8221;||||||||&#8221; quote_font=&#8221;||||||||&#8221; header_font=&#8221;|700|||||||&#8221; header_text_align=&#8221;center&#8221; header_font_size=&#8221;4vw&#8221; header_line_height=&#8221;1.2em&#8221; header_2_font=&#8221;||||||||&#8221; header_3_font=&#8221;||||||||&#8221; header_4_font=&#8221;||||||||&#8221; header_5_font=&#8221;||||||||&#8221; header_6_font=&#8221;||||||||&#8221; background_layout=&#8221;dark&#8221; module_alignment=&#8221;center&#8221; custom_margin=&#8221;||0px||false|false&#8221; header_font_size_tablet=&#8221;55px&#8221; header_font_size_phone=&#8221;35px&#8221; header_font_size_last_edited=&#8221;on|phone&#8221; global_colors_info=&#8221;{}&#8221; header_4_font_size__hover=&#8221;18px&#8221; header_4_font_size__hover_enabled=&#8221;18px&#8221; header_4_letter_spacing__hover=&#8221;0px&#8221; header_4_letter_spacing__hover_enabled=&#8221;0px&#8221; header_4_line_height__hover=&#8221;1em&#8221; header_4_line_height__hover_enabled=&#8221;1em&#8221; header_4_text_shadow_style__hover=&#8221;none&#8221; header_4_text_shadow_style__hover_enabled=&#8221;none&#8221; header_4_text_shadow_color__hover=&#8221;rgba(0,0,0,0.4)&#8221; header_4_text_shadow_color__hover_enabled=&#8221;rgba(0,0,0,0.4)&#8221;]<\/p>\n<h1>O nas<\/h1>\n<p>[\/et_pb_text][et_pb_divider color=&#8221;#1C75BC&#8221; divider_weight=&#8221;5px&#8221; _builder_version=&#8221;4.27.0&#8243; max_width=&#8221;150px&#8221; module_alignment=&#8221;center&#8221; height=&#8221;5px&#8221; animation_style=&#8221;slide&#8221; animation_direction=&#8221;right&#8221; animation_intensity_slide=&#8221;10%&#8221; global_colors_info=&#8221;{}&#8221;][\/et_pb_divider][\/et_pb_column][\/et_pb_row][\/et_pb_section][et_pb_section fb_built=&#8221;1&#8243; custom_padding_last_edited=&#8221;on|desktop&#8221; admin_label=&#8221;About Us&#8221; _builder_version=&#8221;4.16&#8243; custom_padding=&#8221;80px|0px|80px|0px&#8221; custom_padding_tablet=&#8221;60px||50px||false|false&#8221; custom_padding_phone=&#8221;50px||40px||false|false&#8221; da_disable_devices=&#8221;off|off|off&#8221; locked=&#8221;off&#8221; global_colors_info=&#8221;{}&#8221; da_is_popup=&#8221;off&#8221; da_exit_intent=&#8221;off&#8221; da_has_close=&#8221;on&#8221; da_alt_close=&#8221;off&#8221; da_dark_close=&#8221;off&#8221; da_not_modal=&#8221;on&#8221; da_is_singular=&#8221;off&#8221; da_with_loader=&#8221;off&#8221; da_has_shadow=&#8221;on&#8221;][et_pb_row column_structure=&#8221;1_2,1_2&#8243; make_equal=&#8221;on&#8221; custom_padding_last_edited=&#8221;off|desktop&#8221; _builder_version=&#8221;4.25.1&#8243; background_size=&#8221;initial&#8221; background_position=&#8221;top_left&#8221; background_repeat=&#8221;repeat&#8221; custom_padding=&#8221;|||&#8221; global_colors_info=&#8221;{}&#8221;][et_pb_column type=&#8221;1_2&#8243; module_class=&#8221;ds-vertical-align&#8221; _builder_version=&#8221;4.25.1&#8243; custom_padding=&#8221; |30px|    |  |false|false&#8221; custom_padding_tablet=&#8221;|0px|26px||false|false&#8221; custom_padding_phone=&#8221;|||&#8221; custom_padding_last_edited=&#8221;on|phone&#8221; global_colors_info=&#8221;{}&#8221; padding_phone=&#8221;|||&#8221; padding_tablet=&#8221;30px|5%|30px|5%&#8221; padding_last_edited=&#8221;on|tablet&#8221; custom_padding__hover=&#8221;|||&#8221; custom_padding__hover_enabled=&#8221;off|desktop&#8221;][et_pb_text module_class=&#8221;free-section-header free-db-light&#8221; _builder_version=&#8221;4.27.0&#8243; text_font=&#8221;||||||||&#8221; text_line_height=&#8221;2em&#8221; header_font=&#8221;||||||||&#8221; header_2_font=&#8221;||||||||&#8221; header_2_font_size=&#8221;30px&#8221; header_2_line_height=&#8221;1.2em&#8221; header_4_font=&#8221;|||on|||||&#8221; header_4_text_color=&#8221;rgba(34,34,34,0.4)&#8221; header_4_font_size=&#8221;15px&#8221; header_4_letter_spacing=&#8221;2px&#8221; header_4_line_height=&#8221;1.6em&#8221; module_alignment=&#8221;left&#8221; hover_enabled=&#8221;0&#8243; header_2_font_size_tablet=&#8221;25px&#8221; header_2_font_size_phone=&#8221;20px&#8221; header_2_font_size_last_edited=&#8221;on|phone&#8221; locked=&#8221;off&#8221; global_colors_info=&#8221;{}&#8221; sticky_enabled=&#8221;0&#8243;]<\/p>\n<h2 class=\"db-sh-divider-top\">Taksi iz letali\u0161\u010da Ljubljana<\/h2>\n<div class=\"db-sh-divider-bottom\">\n<p>\u010ce i\u0161\u010dete zanesljiv in udoben taksi prevoz z letali\u0161\u010da Ljubljana, vam ponujamo vrhunsko storitev, prilagojeno va\u0161im potrebam. Na\u0161i taksi prevozi z letali\u0161\u010da Ljubljana zagotavljajo hitro, varno in cenovno ugodno re\u0161itev za prevoz do katerekoli destinacije v Sloveniji ali v tujini. Poleg prevozov z letali\u0161\u010da Ljubljana vozimo tudi na druga letali\u0161\u010da, tako v Sloveniji kot v tujini, vklju\u010dno z letali\u0161\u010di v bli\u017enjih dr\u017eavah, kot so Hrva\u0161ka, Italija, Avstrija in Mad\u017earska.<\/p>\n<p>Z nami je taksi prevoz z letali\u0161\u010da Ljubljana brez stresa, saj lahko prevoz rezervirate vnaprej in tako ob prihodu \u017ee u\u017eivate v brezskrbni vo\u017enji. Na\u0161i profesionalni vozniki z bogatimi izku\u0161njami so vam na voljo 24\/7 in zagotavljajo, da bo va\u0161 taksi prevoz z letali\u0161\u010da Ljubljana to\u010den, varen in udoben. Na\u0161a vozila so sodobna, prostorna in redno vzdr\u017eevana, kar zagotavlja udobno in prijetno vo\u017enjo.<\/p>\n<p>Poleg individualnih prevozov omogo\u010damo tudi skupinske prevoze, zato je na\u0161 taksi prevoz z letali\u0161\u010da Ljubljana primeren tako za poslovna potovanja, turisti\u010dne skupine kot tudi za dru\u017eine z otroki. Prilagodimo se va\u0161emu urniku in vam zagotovimo, da bo va\u0161 taksi prevoz z letali\u0161\u010da Ljubljana izpolnil vsa va\u0161a pri\u010dakovanja. Prav tako omogo\u010damo prevoze na druga letali\u0161\u010da v sosednjih dr\u017eavah, kar pomeni, da vam ni treba skrbeti za prevoz, ko potujete na mednarodna letali\u0161\u010da, kot so Zagreb, Benetke ali Dunaj.<\/p>\n<\/div>\n<p>[\/et_pb_text][\/et_pb_column][et_pb_column type=&#8221;1_2&#8243; _builder_version=&#8221;4.16&#8243; custom_padding=&#8221; ||    |  |false|false&#8221; custom_padding_tablet=&#8221;30px|5%|30px|5%&#8221; custom_padding_phone=&#8221;|||&#8221; custom_padding_last_edited=&#8221;on|tablet&#8221; global_colors_info=&#8221;{}&#8221; custom_padding__hover=&#8221;|||&#8221;][et_pb_image src=&#8221;https:\/\/taxi-airport-ljubljana.si\/wp-content\/uploads\/2024\/10\/about-ua-1.jpg&#8221; title_text=&#8221;about ua 1&#8243; align_tablet=&#8221;center&#8221; align_phone=&#8221;&#8221; align_last_edited=&#8221;on|desktop&#8221; _builder_version=&#8221;4.27.0&#8243; max_width_tablet=&#8221;&#8221; max_width_phone=&#8221;&#8221; max_width_last_edited=&#8221;on|desktop&#8221; animation_style=&#8221;slide&#8221; animation_direction=&#8221;right&#8221; animation_intensity_slide=&#8221;10%&#8221; custom_css_before=&#8221;height: 99%;||width: 99%;||border: 5px solid #1C75BC;||position: absolute;||top: 30px;||left: 30px;||display: block;||content: %22%22;||z-index: 2;&#8221; custom_css_main_element=&#8221;position: relative;&#8221; custom_css_after=&#8221;height: 99%;||width: 99%;||border: 5px solid #eee;||position: absolute;||top: -30px;||left: -30px;||display: block;||content: %22%22;||z-index: -1;&#8221; global_colors_info=&#8221;{}&#8221;][\/et_pb_image][\/et_pb_column][\/et_pb_row][et_pb_row column_structure=&#8221;1_2,1_2&#8243; make_equal=&#8221;on&#8221; custom_padding_last_edited=&#8221;off|desktop&#8221; module_class=&#8221;custom_row&#8221; _builder_version=&#8221;4.25.1&#8243; background_size=&#8221;initial&#8221; background_position=&#8221;top_left&#8221; background_repeat=&#8221;repeat&#8221; custom_margin=&#8221;47px||||false|false&#8221; custom_padding=&#8221;|||&#8221; global_colors_info=&#8221;{}&#8221;][et_pb_column type=&#8221;1_2&#8243; module_id=&#8221;second-on-mobile&#8221; _builder_version=&#8221;4.25.1&#8243; custom_padding=&#8221; ||    |  |false|false&#8221; custom_padding_tablet=&#8221;30px|5%|30px|5%&#8221; custom_padding_phone=&#8221;|||&#8221; custom_padding_last_edited=&#8221;on|tablet&#8221; global_colors_info=&#8221;{}&#8221; custom_padding__hover=&#8221;|||&#8221;][et_pb_image src=&#8221;https:\/\/taxi-airport-ljubljana.si\/wp-content\/uploads\/2024\/10\/about-us-2.jpg&#8221; title_text=&#8221;about us 2&#8243; align_tablet=&#8221;center&#8221; align_phone=&#8221;&#8221; align_last_edited=&#8221;on|desktop&#8221; _builder_version=&#8221;4.27.0&#8243; max_width_tablet=&#8221;&#8221; max_width_phone=&#8221;&#8221; max_width_last_edited=&#8221;on|desktop&#8221; animation_style=&#8221;slide&#8221; animation_direction=&#8221;right&#8221; animation_intensity_slide=&#8221;10%&#8221; custom_css_before=&#8221;height: 99%;||width: 99%;||border: 5px solid #1C75BC;||position: absolute;||top: 30px;||left: 30px;||display: block;||content: %22%22;||z-index: 2;&#8221; custom_css_main_element=&#8221;position: relative;&#8221; custom_css_after=&#8221;height: 99%;||width: 99%;||border: 5px solid #eee;||position: absolute;||top: -30px;||left: -30px;||display: block;||content: %22%22;||z-index: -1;&#8221; global_colors_info=&#8221;{}&#8221;][\/et_pb_image][\/et_pb_column][et_pb_column type=&#8221;1_2&#8243; module_id=&#8221;first-on-mobile&#8221; module_class=&#8221;ds-vertical-align&#8221; _builder_version=&#8221;4.25.1&#8243; custom_padding=&#8221; |0px|    |30px|false|false&#8221; custom_padding_tablet=&#8221;|0px|26px|0px|false|false&#8221; custom_padding_phone=&#8221;|||&#8221; custom_padding_last_edited=&#8221;on|tablet&#8221; global_colors_info=&#8221;{}&#8221; padding_phone=&#8221;|||&#8221; padding_tablet=&#8221;30px|5%|30px|5%&#8221; padding_last_edited=&#8221;on|tablet&#8221; custom_padding__hover=&#8221;|||&#8221; custom_padding__hover_enabled=&#8221;off|desktop&#8221;][et_pb_text module_class=&#8221;free-section-header free-db-light&#8221; _builder_version=&#8221;4.27.0&#8243; text_font=&#8221;||||||||&#8221; text_line_height=&#8221;2em&#8221; header_font=&#8221;||||||||&#8221; header_2_font=&#8221;||||||||&#8221; header_2_font_size=&#8221;30px&#8221; header_2_line_height=&#8221;1.2em&#8221; header_4_font=&#8221;|||on|||||&#8221; header_4_text_color=&#8221;rgba(34,34,34,0.4)&#8221; header_4_font_size=&#8221;15px&#8221; header_4_letter_spacing=&#8221;2px&#8221; header_4_line_height=&#8221;1.6em&#8221; module_alignment=&#8221;left&#8221; header_2_font_size_tablet=&#8221;25px&#8221; header_2_font_size_phone=&#8221;20px&#8221; header_2_font_size_last_edited=&#8221;on|phone&#8221; locked=&#8221;off&#8221; global_colors_info=&#8221;{}&#8221;]<\/p>\n<div class=\"db-sh-divider-bottom\">\n<p>Ne glede na to, ali potujete na po\u010ditnice ali pa se vra\u010date domov po dolgi poti, na\u0161 taksi prevoz z letali\u0161\u010da Ljubljana ali na druga letali\u0161\u010da poskrbi, da bo va\u0161a pot udobna in brez zapletov. Pokli\u010dite nas ali rezervirajte svoj taksi prevoz z letali\u0161\u010da Ljubljana \u017ee danes in izkusite vrhunsko storitev prevoza!<\/p>\n<p>Na\u0161 taksi prevoz z letali\u0161\u010da Ljubljana ponuja popolno udobje in brezhibno storitev, ki vam omogo\u010da hiter prehod z letali\u0161\u010da do va\u0161e kon\u010dne destinacije. Zavedamo se, da je polet lahko utrujajo\u010d, zato poskrbimo, da vas na\u0161i vozniki pri\u010dakajo pravo\u010dasno in vam pomagajo s prtljago, medtem ko se sprostite v varnem in udobnem vozilu.<\/p>\n<p>Na\u0161 taksi prevoz z letali\u0161\u010da Ljubljana je prilagodljiv \u2013 bodisi da potrebujete prevoz zgodaj zjutraj ali pozno pono\u010di, smo vam vedno na voljo. Ponujamo tudi mo\u017enost prilagoditve prevoza glede na va\u0161e posebne zahteve, kot so otro\u0161ki sede\u017ei, dodatni prostor za prtljago ali celo luksuzna vozila, \u010de \u017eelite dodatno udobje.<\/p>\n<p>Izogibajte se te\u017eavam z iskanjem prevoza na letali\u0161\u010du in u\u017eivajte v mirni in brezskrbni vo\u017enji. Z na\u0161im taksi prevozom z letali\u0161\u010da Ljubljana ali na druga letali\u0161\u010da boste dosegli svoj cilj varno, udobno in pravo\u010dasno. Poleg tega nudimo konkuren\u010dne cene in pregledno cenovno politiko, tako da \u017ee vnaprej veste, koliko bo stal va\u0161 taksi prevoz, brez skritih stro\u0161kov.<\/p>\n<p>Zaupajte nam v zagotavljanju kakovostnih prevozov ter rezervirajte svoj taksi prevoz z letali\u0161\u010da Ljubljana ali na druga letali\u0161\u010da \u0161e danes!<\/p>\n<\/div>\n<p>[\/et_pb_text][\/et_pb_column][\/et_pb_row][\/et_pb_section]<\/p>\n","protected":false},"excerpt":{"rendered":"<p>O nasTaksi iz letali\u0161\u010da Ljubljana \u010ce i\u0161\u010dete zanesljiv in udoben taksi prevoz z letali\u0161\u010da Ljubljana, vam ponujamo vrhunsko storitev, prilagojeno va\u0161im potrebam. Na\u0161i taksi prevozi z letali\u0161\u010da Ljubljana zagotavljajo hitro, varno in cenovno ugodno re\u0161itev za prevoz do katerekoli destinacije v Sloveniji ali v tujini. Poleg prevozov z letali\u0161\u010da Ljubljana vozimo tudi na druga letali\u0161\u010da, [&hellip;]<\/p>\n","protected":false},"author":1,"featured_media":0,"parent":0,"menu_order":0,"comment_status":"closed","ping_status":"closed","template":"","meta":{"_seopress_robots_primary_cat":"","_seopress_titles_title":"","_seopress_titles_desc":"","_seopress_robots_index":"","_et_pb_use_builder":"on","_et_pb_old_content":"","_et_gb_content_width":"","footnotes":""},"class_list":["post-344","page","type-page","status-publish","hentry"],"_links":{"self":[{"href":"https:\/\/taxi-airport-ljubljana.si\/sl\/wp-json\/wp\/v2\/pages\/344","targetHints":{"allow":["GET"]}}],"collection":[{"href":"https:\/\/taxi-airport-ljubljana.si\/sl\/wp-json\/wp\/v2\/pages"}],"about":[{"href":"https:\/\/taxi-airport-ljubljana.si\/sl\/wp-json\/wp\/v2\/types\/page"}],"author":[{"embeddable":true,"href":"https:\/\/taxi-airport-ljubljana.si\/sl\/wp-json\/wp\/v2\/users\/1"}],"replies":[{"embeddable":true,"href":"https:\/\/taxi-airport-ljubljana.si\/sl\/wp-json\/wp\/v2\/comments?post=344"}],"version-history":[{"count":3,"href":"https:\/\/taxi-airport-ljubljana.si\/sl\/wp-json\/wp\/v2\/pages\/344\/revisions"}],"predecessor-version":[{"id":681,"href":"https:\/\/taxi-airport-ljubljana.si\/sl\/wp-json\/wp\/v2\/pages\/344\/revisions\/681"}],"wp:attachment":[{"href":"https:\/\/taxi-airport-ljubljana.si\/sl\/wp-json\/wp\/v2\/media?parent=344"}],"curies":[{"name":"wp","href":"https:\/\/api.w.org\/{rel}","templated":true}]}}